{"id":1022,"date":"2023-04-20T11:41:51","date_gmt":"2023-04-20T11:41:51","guid":{"rendered":"https:\/\/dummy.xtemos.com\/woodmart2\/furniture2-elementor\/?page_id=15"},"modified":"2025-12-30T13:36:44","modified_gmt":"2025-12-30T13:36:44","slug":"home-furniture2","status":"publish","type":"page","link":"https:\/\/anylandchinadmc.com\/es\/","title":{"rendered":"Anyland"},"content":{"rendered":"<div data-elementor-type=\"wp-page\" data-elementor-id=\"1022\" class=\"elementor elementor-1022\" data-elementor-post-type=\"page\">\n\t\t\t\t<div class=\"wd-negative-gap elementor-element elementor-element-26e8d44 wd-section-stretch-content e-flex e-con-boxed e-con e-parent\" data-id=\"26e8d44\" data-element_type=\"container\" data-settings=\"{&quot;background_background&quot;:&quot;video&quot;,&quot;background_video_link&quot;:&quot;https:\\\/\\\/anylandchinadmc.com\\\/wp-content\\\/uploads\\\/2025\\\/08\\\/WeChat_20250813160358.mp4&quot;,&quot;background_play_on_mobile&quot;:&quot;yes&quot;}\">\n\t\t\t\t\t<div class=\"e-con-inner\">\n\t\t<div class=\"elementor-background-video-container\">\n\t\t\t\t\t\t\t<video class=\"elementor-background-video-hosted\" autoplay muted playsinline loop><\/video>\n\t\t\t\t\t<\/div>\t\t<div class=\"elementor-element elementor-element-4f8955d elementor-widget elementor-widget-wd_text_block\" data-id=\"4f8955d\" data-element_type=\"widget\" data-widget_type=\"wd_text_block.default\">\n\t\t\t\t<div class=\"elementor-widget-container\">\n\t\t\t\t\t\t\t\t<link rel=\"stylesheet\" id=\"wd-text-block-css\" href=\"https:\/\/anylandchinadmc.com\/wp-content\/themes\/woodmart\/css\/parts\/el-text-block.min.css?ver=7.6.0\" type=\"text\/css\" media=\"all\" \/> \t\t\t\t\t<div class=\"wd-text-block reset-last-child text-center color-scheme-light\">\n\t\t\t\n\t\t\t<p>Unlock oriental canvas, a gateway to anyland of China<\/p>\n\t\t\t\t\t<\/div>\n\t\t\t\t\t\t<\/div>\n\t\t\t\t<\/div>\n\t\t\t\t\t<\/div>\n\t\t\t\t<\/div>\n\t\t<div class=\"wd-negative-gap elementor-element elementor-element-a63ec90 e-flex e-con-boxed e-con e-parent\" data-id=\"a63ec90\" data-element_type=\"container\">\n\t\t\t\t\t<div class=\"e-con-inner\">\n\t\t\t\t<div class=\"elementor-element elementor-element-3618b78 elementor-widget elementor-widget-menu-anchor\" data-id=\"3618b78\" data-element_type=\"widget\" data-widget_type=\"menu-anchor.default\">\n\t\t\t\t<div class=\"elementor-widget-container\">\n\t\t\t\t\t\t\t<div class=\"elementor-menu-anchor\" id=\"about\"><\/div>\n\t\t\t\t\t\t<\/div>\n\t\t\t\t<\/div>\n\t\t\t\t\t<\/div>\n\t\t\t\t<\/div>\n\t\t<div class=\"wd-negative-gap elementor-element elementor-element-60e6144 e-flex e-con-boxed e-con e-parent\" data-id=\"60e6144\" data-element_type=\"container\" id=\"about-a\">\n\t\t\t\t\t<div class=\"e-con-inner\">\n\t\t<div class=\"elementor-element elementor-element-b7600ae e-con-full e-flex e-con e-child\" data-id=\"b7600ae\" data-element_type=\"container\">\n\t\t\t\t<div class=\"elementor-element elementor-element-c875ce9 wd-width-100 elementor-widget elementor-widget-wd_title\" data-id=\"c875ce9\" data-element_type=\"widget\" data-widget_type=\"wd_title.default\">\n\t\t\t\t<div class=\"elementor-widget-container\">\n\t\t\t\t\t\t\t\t<link rel=\"stylesheet\" id=\"wd-section-title-css\" href=\"https:\/\/anylandchinadmc.com\/wp-content\/themes\/woodmart\/css\/parts\/el-section-title.min.css?ver=7.6.0\" type=\"text\/css\" media=\"all\" \/> \t\t\t\t\t<div class=\"title-wrapper set-mb-s reset-last-child wd-title-color-default wd-title-style-default wd-title-size-large text-left\">\n\n\t\t\t\n\t\t\t<div class=\"liner-continer\">\n\t\t\t\t<h4 class=\"woodmart-title-container title wd-fontsize-xxl\">Sobre nosotros<\/h4> \n\t\t\t\t\t\t\t<\/div>\n\n\t\t\t\t\t\t\t<div class=\"title-after_title set-cont-mb-s reset-last-child wd-fontsize-s\">\n\t\t\t\t\t<p>Bienvenido a Anyland Destination Management Company en China.<\/p><p>Ofrecemos un servicio integral y un programa completo para ayudar a los organizadores a resolver los detalles m\u00e1s importantes del evento, ocup\u00e1ndonos de un gran n\u00famero de tareas de la interminable lista de tareas pendientes de los organizadores.<\/p><p>Desde las demandas de transporte, alojamiento y opciones de catering hasta recomendaciones de actividades y lugares, conocemos todas las mejores opciones en la zona donde se celebrar\u00e1 su evento y haremos todo lo posible para asegurar todas sus demandas. Somos sus DISE\u00d1ADORES de eventos que le ofrecen viajes inolvidables.<\/p>\t\t\t\t<\/div>\n\t\t\t\t\t<\/div>\n\t\t\t\t\t\t<\/div>\n\t\t\t\t<\/div>\n\t\t\t\t<\/div>\n\t\t<div class=\"elementor-element elementor-element-fe06a05 e-con-full e-flex e-con e-child\" data-id=\"fe06a05\" data-element_type=\"container\" data-settings=\"{&quot;background_background&quot;:&quot;classic&quot;}\">\n\t\t\t\t<\/div>\n\t\t\t\t\t<\/div>\n\t\t\t\t<\/div>\n\t\t<div class=\"wd-negative-gap elementor-element elementor-element-6e2dcff e-flex e-con-boxed e-con e-parent\" data-id=\"6e2dcff\" data-element_type=\"container\">\n\t\t\t\t\t<div class=\"e-con-inner\">\n\t\t<div class=\"elementor-element elementor-element-b315a07 e-con-full e-flex e-con e-child\" data-id=\"b315a07\" data-element_type=\"container\" data-settings=\"{&quot;background_background&quot;:&quot;classic&quot;}\">\n\t\t\t\t<\/div>\n\t\t<div class=\"elementor-element elementor-element-1288074 e-con-full e-flex e-con e-child\" data-id=\"1288074\" data-element_type=\"container\">\n\t\t\t\t<div class=\"elementor-element elementor-element-9b1f7fc wd-width-100 elementor-widget elementor-widget-wd_title\" data-id=\"9b1f7fc\" data-element_type=\"widget\" data-widget_type=\"wd_title.default\">\n\t\t\t\t<div class=\"elementor-widget-container\">\n\t\t\t\t\t\t\t<div class=\"title-wrapper set-mb-s reset-last-child wd-title-color-default wd-title-style-default wd-title-size-large text-left\">\n\n\t\t\t\n\t\t\t<div class=\"liner-continer\">\n\t\t\t\t<h4 class=\"woodmart-title-container title wd-fontsize-xxl\">Nuestra misi\u00f3n<\/h4> \n\t\t\t\t\t\t\t<\/div>\n\n\t\t\t\t\t\t\t<div class=\"title-after_title set-cont-mb-s reset-last-child wd-fontsize-s\">\n\t\t\t\t\t<p>Para tender puentes entre China y el mundo y promover el entendimiento y el respeto interculturales, nos comprometemos a guiar a cada viajero a explorar las maravillas de China y a descubrir la belleza oriental.<\/p><p>Nuestro experimentado equipo es siempre creativo y en\u00e9rgico, y habla varios idiomas, entre ellos mandar\u00edn, canton\u00e9s, ingl\u00e9s y espa\u00f1ol. Nos dedicamos a ofrecer ideas refrescantes, fuera de lo com\u00fan. Nos inspiramos en las tradiciones atemporales de China y las combinamos con las \u00faltimas tendencias, compartimos nuestra visi\u00f3n basada en nuestra verdadera experiencia y evaluaci\u00f3n de cada evento e idea.<\/p>\t\t\t\t<\/div>\n\t\t\t\t\t<\/div>\n\t\t\t\t\t\t<\/div>\n\t\t\t\t<\/div>\n\t\t\t\t<\/div>\n\t\t\t\t\t<\/div>\n\t\t\t\t<\/div>\n\t\t<div class=\"wd-negative-gap elementor-element elementor-element-7c7cbff e-flex e-con-boxed e-con e-parent\" data-id=\"7c7cbff\" data-element_type=\"container\">\n\t\t\t\t\t<div class=\"e-con-inner\">\n\t\t\t\t<div class=\"elementor-element elementor-element-8a274ae elementor-widget elementor-widget-spacer\" data-id=\"8a274ae\" data-element_type=\"widget\" data-widget_type=\"spacer.default\">\n\t\t\t\t<div class=\"elementor-widget-container\">\n\t\t\t\t\t\t\t<div class=\"elementor-spacer\">\n\t\t\t<div class=\"elementor-spacer-inner\"><\/div>\n\t\t<\/div>\n\t\t\t\t\t\t<\/div>\n\t\t\t\t<\/div>\n\t\t\t\t<div class=\"elementor-element elementor-element-7222f71 wd-width-100 elementor-widget elementor-widget-wd_title\" data-id=\"7222f71\" data-element_type=\"widget\" id=\"offer\" data-widget_type=\"wd_title.default\">\n\t\t\t\t<div class=\"elementor-widget-container\">\n\t\t\t\t\t\t\t<div class=\"title-wrapper set-mb-s reset-last-child wd-title-color-default wd-title-style-default wd-title-size-large text-left\">\n\n\t\t\t\n\t\t\t<div class=\"liner-continer\">\n\t\t\t\t<h4 class=\"woodmart-title-container title wd-fontsize-xxl\">Servicio<\/h4> \n\t\t\t\t\t\t\t<\/div>\n\n\t\t\t\t\t<\/div>\n\t\t\t\t\t\t<\/div>\n\t\t\t\t<\/div>\n\t\t\t\t<div class=\"elementor-element elementor-element-e974193 elementor-widget elementor-widget-ucaddon_uc_icon_accordion\" data-id=\"e974193\" data-element_type=\"widget\" data-widget_type=\"ucaddon_uc_icon_accordion.default\">\n\t\t\t\t<div class=\"elementor-widget-container\">\n\t\t\t\t\t\n<!-- start Icon Accordion -->\n\t\t<link id='font-awesome-css' href='https:\/\/anylandchinadmc.com\/wp-content\/plugins\/unlimited-elements-for-elementor-premium\/assets_libraries\/font-awesome6\/fontawesome-all.min.css' type='text\/css' rel='stylesheet' >\n\t\t<link id='font-awesome-4-shim-css' href='https:\/\/anylandchinadmc.com\/wp-content\/plugins\/unlimited-elements-for-elementor-premium\/assets_libraries\/font-awesome6\/fontawesome-v4-shims.min.css' type='text\/css' rel='stylesheet' >\n\n<style>\/* widget: Icon Accordion *\/\n\n#uc_uc_icon_accordion_elementor_e974193 *{\n\tbox-sizing: border-box;\n}\n#uc_uc_icon_accordion_elementor_e974193 .uc_container .uc-heading\n{\n\tcursor:pointer;\n    display:flex;\n    align-items:center;\n    transition:0.3s;\n}\n#uc_uc_icon_accordion_elementor_e974193 .uc_container .uc-heading span.bbb\n{\n\tdisplay:block;\n\t\n}\n#uc_uc_icon_accordion_elementor_e974193 .uc_ac_box.uc-item-active span.uc_dactive\n{\n\tdisplay:none;\n}\n#uc_uc_icon_accordion_elementor_e974193 .uc_ac_box:not(.uc-item-active) span.uc_active\n{\n\tdisplay:none;\n}\n\n#uc_uc_icon_accordion_elementor_e974193 .ue_icon_holder,\n#uc_uc_icon_accordion_elementor_e974193 .ue_icon_spacing\n{\n  flex-grow:0;\n  flex-shrink:0; \n}\n#uc_uc_icon_accordion_elementor_e974193 .uc_content{\n\tdisplay: none;\n}\n#uc_uc_icon_accordion_elementor_e974193 .ue_icon\n{\n  display:flex;\n  justify-content:center;\n  align-items:center;\n  line-height:1em;\n  transition:0.3s;\n}\n\n#uc_uc_icon_accordion_elementor_e974193 .ue_icon svg\n{\n  height:1em;\n  width:1em;\n}\n\n#uc_uc_icon_accordion_elementor_e974193 .ue_expand_inside\n{\n  display:flex;\n  justify-content:center;\n  align-items:center;\n  line-height:1em;\n}\n\n#uc_uc_icon_accordion_elementor_e974193 .ue_expand_inside svg\n{\n  height:1em;\n  width:1em;\n}\n\n#uc_uc_icon_accordion_elementor_e974193 .ue_expand,\n#uc_uc_icon_accordion_elementor_e974193 .ue_expand_spacing\n{\n  flex-grow:0;\n  flex-shrink:0;\n}\n\n#uc_uc_icon_accordion_elementor_e974193 .ue_title\n{\n  flex-grow:1;\n}\n\n#uc_uc_icon_accordion_elementor_e974193 .uc_ac_box:last-child\n{\n  margin-bottom:0px;\n}\n\n#uc_uc_icon_accordion_elementor_e974193 .uc_ac_box\n{\n  overflow:hidden;\n}\n#uc_uc_icon_accordion_elementor_e974193_item1 .ue_icon\n{\n  background-color:;\n}\n\n#uc_uc_icon_accordion_elementor_e974193_item1 .uc-heading\n{\n  background-color:;\n}\n#uc_uc_icon_accordion_elementor_e974193_item2 .ue_icon\n{\n  background-color:;\n}\n\n#uc_uc_icon_accordion_elementor_e974193_item2 .uc-heading\n{\n  background-color:;\n}\n#uc_uc_icon_accordion_elementor_e974193_item3 .ue_icon\n{\n  background-color:;\n}\n\n#uc_uc_icon_accordion_elementor_e974193_item3 .uc-heading\n{\n  background-color:;\n}\n#uc_uc_icon_accordion_elementor_e974193_item4 .ue_icon\n{\n  background-color:;\n}\n\n#uc_uc_icon_accordion_elementor_e974193_item4 .uc-heading\n{\n  background-color:;\n}\n#uc_uc_icon_accordion_elementor_e974193_item5 .ue_icon\n{\n  background-color:;\n}\n\n#uc_uc_icon_accordion_elementor_e974193_item5 .uc-heading\n{\n  background-color:;\n}\n#uc_uc_icon_accordion_elementor_e974193_item6 .ue_icon\n{\n  background-color:;\n}\n\n#uc_uc_icon_accordion_elementor_e974193_item6 .uc-heading\n{\n  background-color:;\n}\n#uc_uc_icon_accordion_elementor_e974193_item7 .ue_icon\n{\n  background-color:;\n}\n\n#uc_uc_icon_accordion_elementor_e974193_item7 .uc-heading\n{\n  background-color:;\n}\n\n\n<\/style>\n\n<div class=\"uc_material_accordion\" id=\"uc_uc_icon_accordion_elementor_e974193\" data-name=\"\" data-closeothers=\"true\" >\n    \t<div class=\"uc_container\">\n            \n\n<div id=\"uc_uc_icon_accordion_elementor_e974193_item1\" class=\"uc_ac_box  elementor-repeater-item-8a31408\">\n  <div class=\"uc-heading uc_trigger\">\n    \n        \n    <div class=\"ue_title\">Eventos corporativos<\/div>\n    \n    \n        <div class=\"ue_expand_spacing\"><\/div>\n    <div class=\"ue_expand\">\n      <div class=\"ue_expand_inside\">\n      <span class=\"uc_dactive bbb ue_accordion_icon\" ><i class='fas fa-plus'><\/i><\/span>\n      <span class=\"uc_active bbb ue_accordion_icon\"><i class='fas fa-minus'><\/i><\/span>\n      <\/div>\n    <\/div>\n        \n  <\/div>\n  <!-- end of heading -->\n  \n  \n  <div class=\"uc_content\" >\n          <p>Nos encargamos de la organizaci\u00f3n completa de reuniones de negocios, conferencias y exposiciones: planificamos y ejecutamos eventos corporativos y fomentamos el esp\u00edritu de equipo. Conf\u00ede en nosotros para una gesti\u00f3n log\u00edstica fluida y un soporte t\u00e9cnico de vanguardia que har\u00e1 que sus eventos sean inolvidables.<\/p>\n     \n    \n     \n    \n  <\/div>\n<\/div>\n\n\n<div id=\"uc_uc_icon_accordion_elementor_e974193_item2\" class=\"uc_ac_box  elementor-repeater-item-b4a1ada\">\n  <div class=\"uc-heading uc_trigger\">\n    \n        \n    <div class=\"ue_title\">Servicios de traslados y transporte<\/div>\n    \n    \n        <div class=\"ue_expand_spacing\"><\/div>\n    <div class=\"ue_expand\">\n      <div class=\"ue_expand_inside\">\n      <span class=\"uc_dactive bbb ue_accordion_icon\" ><i class='fas fa-plus'><\/i><\/span>\n      <span class=\"uc_active bbb ue_accordion_icon\"><i class='fas fa-minus'><\/i><\/span>\n      <\/div>\n    <\/div>\n        \n  <\/div>\n  <!-- end of heading -->\n  \n  \n  <div class=\"uc_content\" >\n          <p>Organizamos traslados sin complicaciones para que te desplaces f\u00e1cilmente por la ciudad y sus alrededores. Desde la reserva de billetes de tren y avi\u00f3n hasta el transporte VIP exclusivo, garantizamos que cada viaje sea c\u00f3modo y sin complicaciones.<\/p>\n     \n    \n     \n    \n  <\/div>\n<\/div>\n\n\n<div id=\"uc_uc_icon_accordion_elementor_e974193_item3\" class=\"uc_ac_box  elementor-repeater-item-05c4dc7\">\n  <div class=\"uc-heading uc_trigger\">\n    \n        \n    <div class=\"ue_title\">Reserva de alojamiento y hotel<\/div>\n    \n    \n        <div class=\"ue_expand_spacing\"><\/div>\n    <div class=\"ue_expand\">\n      <div class=\"ue_expand_inside\">\n      <span class=\"uc_dactive bbb ue_accordion_icon\" ><i class='fas fa-plus'><\/i><\/span>\n      <span class=\"uc_active bbb ue_accordion_icon\"><i class='fas fa-minus'><\/i><\/span>\n      <\/div>\n    <\/div>\n        \n  <\/div>\n  <!-- end of heading -->\n  \n  \n  <div class=\"uc_content\" >\n          <p>Seleccionamos y reservamos alojamientos para todos los gustos, desde posadas tradicionales chinas con un toque local hasta marcas hoteleras internacionales que ofrecen lujo y comodidad. Ya sea acogedor o de lujo, nos aseguramos de que se sienta como en casa.<\/p>\n     \n    \n     \n    \n  <\/div>\n<\/div>\n\n\n<div id=\"uc_uc_icon_accordion_elementor_e974193_item4\" class=\"uc_ac_box  elementor-repeater-item-eb60df4\">\n  <div class=\"uc-heading uc_trigger\">\n    \n        \n    <div class=\"ue_title\">Comidas y catering<\/div>\n    \n    \n        <div class=\"ue_expand_spacing\"><\/div>\n    <div class=\"ue_expand\">\n      <div class=\"ue_expand_inside\">\n      <span class=\"uc_dactive bbb ue_accordion_icon\" ><i class='fas fa-plus'><\/i><\/span>\n      <span class=\"uc_active bbb ue_accordion_icon\"><i class='fas fa-minus'><\/i><\/span>\n      <\/div>\n    <\/div>\n        \n  <\/div>\n  <!-- end of heading -->\n  \n  \n  <div class=\"uc_content\" >\n          <p>Dise\u00f1amos y llevamos a cabo experiencias culinarias excepcionales para todos sus eventos. Nuestro servicio incluye la b\u00fasqueda de lugares prestigiosos, la creaci\u00f3n de men\u00fas personalizados, el suministro de bebidas de primera calidad y la gesti\u00f3n de toda la log\u00edstica, desde elegantes galas con servicio de mesa y estaciones de comida interactivas hasta buf\u00e9s informales y pausas para tomar un refrigerio. Nos ocupamos de cada detalle con precisi\u00f3n, garantizando una experiencia gastron\u00f3mica perfecta y memorable que refleje la visi\u00f3n y el estilo \u00fanicos de su evento.<\/p>\n     \n    \n     \n    \n  <\/div>\n<\/div>\n\n\n<div id=\"uc_uc_icon_accordion_elementor_e974193_item5\" class=\"uc_ac_box  elementor-repeater-item-430d48d\">\n  <div class=\"uc-heading uc_trigger\">\n    \n        \n    <div class=\"ue_title\">Organizaci\u00f3n de turismo y excursi\u00f3n<\/div>\n    \n    \n        <div class=\"ue_expand_spacing\"><\/div>\n    <div class=\"ue_expand\">\n      <div class=\"ue_expand_inside\">\n      <span class=\"uc_dactive bbb ue_accordion_icon\" ><i class='fas fa-plus'><\/i><\/span>\n      <span class=\"uc_active bbb ue_accordion_icon\"><i class='fas fa-minus'><\/i><\/span>\n      <\/div>\n    <\/div>\n        \n  <\/div>\n  <!-- end of heading -->\n  \n  \n  <div class=\"uc_content\" >\n          <p>Emb\u00e1rcate en viajes personalizados y en grupo a los principales destinos de China, con tours tem\u00e1ticos que van desde inmersiones culturales y exploraciones hist\u00f3ricas hasta paisajes naturales y senderismo. \u00danete a tours guiados por expertos profesionales multiling\u00fces, lo que te garantiza una experiencia inolvidable.<\/p>\n     \n    \n     \n    \n  <\/div>\n<\/div>\n\n\n<div id=\"uc_uc_icon_accordion_elementor_e974193_item6\" class=\"uc_ac_box  elementor-repeater-item-d69bbd7\">\n  <div class=\"uc-heading uc_trigger\">\n    \n        \n    <div class=\"ue_title\">Experiencia cultural<\/div>\n    \n    \n        <div class=\"ue_expand_spacing\"><\/div>\n    <div class=\"ue_expand\">\n      <div class=\"ue_expand_inside\">\n      <span class=\"uc_dactive bbb ue_accordion_icon\" ><i class='fas fa-plus'><\/i><\/span>\n      <span class=\"uc_active bbb ue_accordion_icon\"><i class='fas fa-minus'><\/i><\/span>\n      <\/div>\n    <\/div>\n        \n  <\/div>\n  <!-- end of heading -->\n  \n  \n  <div class=\"uc_content\" >\n          <p>Sum\u00e9rgete en la magia de las representaciones tradicionales chinas, los festivales llenos de vida y los maravillosos espect\u00e1culos. Tambi\u00e9n organizamos programas culturales, desde clases magistrales de kung fu y ceremonias del t\u00e9 hasta visitas a templos antiguos y pueblos rec\u00f3nditos.<\/p>\n     \n    \n     \n    \n  <\/div>\n<\/div>\n\n\n<div id=\"uc_uc_icon_accordion_elementor_e974193_item7\" class=\"uc_ac_box  elementor-repeater-item-af2903d\">\n  <div class=\"uc-heading uc_trigger\">\n    \n        \n    <div class=\"ue_title\">Visita a la empresa<\/div>\n    \n    \n        <div class=\"ue_expand_spacing\"><\/div>\n    <div class=\"ue_expand\">\n      <div class=\"ue_expand_inside\">\n      <span class=\"uc_dactive bbb ue_accordion_icon\" ><i class='fas fa-plus'><\/i><\/span>\n      <span class=\"uc_active bbb ue_accordion_icon\"><i class='fas fa-minus'><\/i><\/span>\n      <\/div>\n    <\/div>\n        \n  <\/div>\n  <!-- end of heading -->\n  \n  \n  <div class=\"uc_content\" >\n          <p>A trav\u00e9s de una evaluaci\u00f3n comparativa institucionalizada de los pioneros corporativos de China, estamos aqu\u00ed para ayudarlo a obtener informaci\u00f3n del equipo de alta direcci\u00f3n de las grandes corporaciones en China.<\/p>\n     \n    \n     \n    \n  <\/div>\n<\/div>\n\n        <\/div>\n<\/div>\n<!-- end Icon Accordion -->\t\t\t\t<\/div>\n\t\t\t\t<\/div>\n\t\t\t\t\t<\/div>\n\t\t\t\t<\/div>\n\t\t\t\t<\/div>","protected":false},"excerpt":{"rendered":"<p>Unlock oriental canvas, a gateway to anyland of China About us Welcome to Anyland Destination Management Company in China. We<\/p>","protected":false},"author":1,"featured_media":0,"parent":0,"menu_order":0,"comment_status":"closed","ping_status":"closed","template":"","meta":{"footnotes":""},"class_list":["post-1022","page","type-page","status-publish","hentry"],"_links":{"self":[{"href":"https:\/\/anylandchinadmc.com\/es\/wp-json\/wp\/v2\/pages\/1022","targetHints":{"allow":["GET"]}}],"collection":[{"href":"https:\/\/anylandchinadmc.com\/es\/wp-json\/wp\/v2\/pages"}],"about":[{"href":"https:\/\/anylandchinadmc.com\/es\/wp-json\/wp\/v2\/types\/page"}],"author":[{"embeddable":true,"href":"https:\/\/anylandchinadmc.com\/es\/wp-json\/wp\/v2\/users\/1"}],"replies":[{"embeddable":true,"href":"https:\/\/anylandchinadmc.com\/es\/wp-json\/wp\/v2\/comments?post=1022"}],"version-history":[{"count":5,"href":"https:\/\/anylandchinadmc.com\/es\/wp-json\/wp\/v2\/pages\/1022\/revisions"}],"predecessor-version":[{"id":2835,"href":"https:\/\/anylandchinadmc.com\/es\/wp-json\/wp\/v2\/pages\/1022\/revisions\/2835"}],"wp:attachment":[{"href":"https:\/\/anylandchinadmc.com\/es\/wp-json\/wp\/v2\/media?parent=1022"}],"curies":[{"name":"wp","href":"https:\/\/api.w.org\/{rel}","templated":true}]}}